{"id":699,"date":"2019-05-28T13:11:59","date_gmt":"2019-05-28T11:11:59","guid":{"rendered":"https:\/\/www.skizunft-basketball.de\/?page_id=699"},"modified":"2026-02-19T12:27:43","modified_gmt":"2026-02-19T11:27:43","slug":"downloads-dokumente","status":"publish","type":"page","link":"https:\/\/www.skizunft-basketball.de\/index.php\/downloads-dokumente\/","title":{"rendered":"Downloads\/Dokumente"},"content":{"rendered":"\n<h2>Downloads und Dokumente<\/h2>\n<ul>\n<li><a href=\"http:\/\/sz-kornwestheim.de\/cms\/docs\/doc29546.pdf\">Satzung Hauptverein<\/a><\/li>\n<li><a href=\"https:\/\/www.skizunft-basketball.de\/wp-content\/uploads\/2019\/05\/Abteilungsordnung.pdf\">Abteilungsordnung<\/a><\/li>\n<li><a href=\"https:\/\/sz-kornwestheim.de\/cms\/iwebs\/download.aspx?id=31185\">Beitrittserkl\u00e4rung<\/a><\/li>\n<li><a href=\"https:\/\/sz-kornwestheim.de\/cms\/iwebs\/download.aspx?id=34921\">Beitrittserklaerung Beiblatt Zusatzbeitraege<\/a><\/li>\n<li><a href=\"https:\/\/sz-kornwestheim.de\/cms\/iwebs\/download.aspx?id=25122\">Beitrittserkl\u00e4rung &#8211; Beiblatt DSGVO<\/a><\/li>\n<li><a href=\"https:\/\/www.skizunft-basketball.de\/wp-content\/uploads\/2019\/11\/Einverst\u00e4ndniserkl\u00e4rung-zur-Ver\u00f6ffentlichung-von-Fotos.pdf\">Einverst\u00e4ndniserkl\u00e4rung zur Ver\u00f6ffentlichung von Fotos<\/a><\/li>\n<li><a href=\"https:\/\/sz-kornwestheim.de\/cms\/iwebs\/download.aspx?id=33871\">Allgemeine Gesch\u00e4ftsbedingungen<\/a><\/li>\n<li><a href=\"http:\/\/sz-kornwestheim.de\/cms\/docs\/doc29547.pdf\">Jugendordnung<\/a><\/li>\n<\/ul>\n\n\n\n\n","protected":false},"excerpt":{"rendered":"<p>Downloads und Dokumente Satzung Hauptverein Abteilungsordnung Beitrittserkl\u00e4rung Beitrittserklaerung Beiblatt Zusatzbeitraege Beitrittserkl\u00e4rung &#8211; Beiblatt DSGVO Einverst\u00e4ndniserkl\u00e4rung zur Ver\u00f6ffentlichung von Fotos Allgemeine Gesch\u00e4ftsbedingungen Jugendordnung<\/p>\n","protected":false},"author":1,"featured_media":0,"parent":0,"menu_order":0,"comment_status":"closed","ping_status":"closed","template":"","meta":{"footnotes":""},"class_list":["post-699","page","type-page","status-publish","hentry"],"_links":{"self":[{"href":"https:\/\/www.skizunft-basketball.de\/index.php\/wp-json\/wp\/v2\/pages\/699","targetHints":{"allow":["GET"]}}],"collection":[{"href":"https:\/\/www.skizunft-basketball.de\/index.php\/wp-json\/wp\/v2\/pages"}],"about":[{"href":"https:\/\/www.skizunft-basketball.de\/index.php\/wp-json\/wp\/v2\/types\/page"}],"author":[{"embeddable":true,"href":"https:\/\/www.skizunft-basketball.de\/index.php\/wp-json\/wp\/v2\/users\/1"}],"replies":[{"embeddable":true,"href":"https:\/\/www.skizunft-basketball.de\/index.php\/wp-json\/wp\/v2\/comments?post=699"}],"version-history":[{"count":19,"href":"https:\/\/www.skizunft-basketball.de\/index.php\/wp-json\/wp\/v2\/pages\/699\/revisions"}],"predecessor-version":[{"id":10022,"href":"https:\/\/www.skizunft-basketball.de\/index.php\/wp-json\/wp\/v2\/pages\/699\/revisions\/10022"}],"wp:attachment":[{"href":"https:\/\/www.skizunft-basketball.de\/index.php\/wp-json\/wp\/v2\/media?parent=699"}],"curies":[{"name":"wp","href":"https:\/\/api.w.org\/{rel}","templated":true}]}}