{"id":8999,"date":"2025-02-14T08:30:42","date_gmt":"2025-02-14T07:30:42","guid":{"rendered":"https:\/\/www.skizunft-basketball.de\/?page_id=8999"},"modified":"2026-02-18T09:00:37","modified_gmt":"2026-02-18T08:00:37","slug":"fsj-bei-den-giants-2025-26","status":"publish","type":"page","link":"https:\/\/www.skizunft-basketball.de\/index.php\/fsj-bei-den-giants-2025-26\/","title":{"rendered":"FSJ bei den GIANTS! (2026\/27)"},"content":{"rendered":"<p>Wir suchen eine:n<\/p>\n<h3 style=\"text-align: center;\"><strong>Freiwilligendienstleistende:n im Sport<br \/>\n<\/strong><strong>Schwerpunkt:Basketball<\/strong><\/h3>\n<p>Wir, die SZ GIANTS Kornwestheim (Skizunft Kornwestheim e. V., Abt. Basketball) sind eine anerkannte Einsatzstelle f\u00fcr Freiwilligendienste im Sport, und bieten dir die M\u00f6glichkeit, ein Freiwilliges Soziales Jahr (FSJ) im Sport zu absolvieren.<\/p>\n<p>Das FSJ im Sport ist ein Bildungs- und Orientierungsjahr, das p\u00e4dagogisch begleitet wird und Erfahrungsr\u00e4ume f\u00fcr Freiwillige er\u00f6ffnet. Der Erwerb pers\u00f6nlicher Kompetenzen und sportlicher Lizenzen sowie Berufsorientierung stehen im Mittelpunkt.<\/p>\n<p>Daf\u00fcr suchen wir f\u00fcr den Zeitraum vom 01.09.2026 bis 31.08.2027 eine\/n sportbegeisterte\/n, engagierte\/n und selbstbewusste\/n Jugendliche\/n im Alter von 16 bis 27 Jahren.<\/p>\n<p><strong>Deine Aufgaben in unserer Basketballabteilung w\u00e4ren: <\/strong><br \/>\nMithilfe bei der U8 bis U12 im Training und bei den Spielen. Bei Bedarf Unterst\u00fctzung auch in anderen Jugendmannschaften (z.B. U14, U16). Unterst\u00fctzung bei der Schulkooperation, Organisation unsere Grundschul-AGs und einer Grundschulliga. Organisation und Durchf\u00fchrung unseres Basketballcamps und Basketballheimspielen. Einsicht in die Saisonplanung und Verwaltungst\u00e4tigkeiten eines Vereines.<\/p>\n<p><strong>Wenn du&#8230;<\/strong><\/p>\n<ul>\n<li>neue Erfahrungen sammeln und deine sozialen Kompetenzen st\u00e4rken,<\/li>\n<li>Trainer\/innen und \u00dcbungsleiter\/innen bei Bewegungs-, Spiel- und Sportangeboten f\u00fcr Kinder und Jugendliche im Verein begleiten und unterst\u00fctzen<\/li>\n<li>Lehrkr\u00e4fte an Kooperationsschulen unterst\u00fctzen<\/li>\n<li>Projekte und Veranstaltungen (Ferienaktionen, Aktionstage an Schulen) betreuen<\/li>\n<li>deine Eignung f\u00fcr einen sozialen, sportlichen Beruf einsch\u00e4tzen,<\/li>\n<li>nach der Schule etwas Praktisches machen m\u00f6chtest und noch nicht wei\u00dft, welche Ausbildung oder welches Studium du ergreifen willst,<\/li>\n<\/ul>\n<p><strong>\u2026dann bewirb dich jetzt bei uns f\u00fcr ein FSJ im Sport!<\/strong><\/p>\n<p><strong>Wir bieten:<\/strong><\/p>\n<ul>\n<li>Erwerb von Kenntnissen und F\u00e4higkeiten in den Bereichen Trainings- und Bewegungslehre<\/li>\n<li>sowie im Umgang mit Kindern und Jugendlichen<\/li>\n<li>M\u00f6glichkeit zum Erwerb einer Lizenz im Breitensport oder in einer Fachsportart im Rahmen von 25 Bildungstagen<\/li>\n<li>Einbindung in Verwaltungst\u00e4tigkeiten wie auch in Projekt- und Veranstaltungsmanagement<\/li>\n<li>umfassende p\u00e4dagogische Betreuung und Unterst\u00fctzung<\/li>\n<li>ein abwechslungsreiches, verantwortungsvolles Aufgabengebiet bei einer Vollzeitbesch\u00e4ftigung von 38,5 Wochenstunden<\/li>\n<li>Taschengeld in H\u00f6he z.Zt. 400 \u20ac sowie 24 Urlaubstage<\/li>\n<\/ul>\n<p><strong>Das solltest du mitbringen:<\/strong><\/p>\n<ul>\n<li>eine abgeschlossene Schulausbildung<\/li>\n<li>Spa\u00df und Interesse an der Kinder- und Jugendarbeit im Sport<\/li>\n<li>Begeisterung f\u00fcr den Sport und f\u00fcr Basketball<\/li>\n<li>hohe Teamf\u00e4higkeit, Engagement und Aufgeschlossenheit gegen\u00fcber Neuem<\/li>\n<li>Eigeninitiative, Einsatzbereitschaft und Organisationstalent<\/li>\n<li>Grundkenntnisse in MS-Office\/Libreoffice\/Nextcloud (optional)<\/li>\n<li>Erfahrungen als \u00dcbungsleiter w\u00e4ren w\u00fcnschenswert, <strong>aber nicht als Voraussetzung<\/strong><\/li>\n<\/ul>\n<p>Wir freuen uns auf deine Bewerbung, mit Lebenslauf, Lichtbild und Angaben zu bisherigen sportlichen Erfahrungen sowie einer kurzen Erkl\u00e4rung, warum du dich f\u00fcr ein FSJ interessierst.<\/p>\n<p>Diese richtest du bitte an:<\/p>\n<p>Skizunft Kornwestheim e. V.<br \/>\nAbt. Basketball<br \/>\nFrau Sabine Sch\u00f6tz-Hasse<br \/>\nAldinger Str. 137<br \/>\n70806 Kornwestheim<br \/>\nE-Mail: &#x6f;&#102;&#x66;&#x69;&#99;&#x65;&#x40;&#115;&#x6b;&#x69;&#122;&#x75;&#x6e;f&#x74;&#x2d;b&#x61;&#115;k&#x65;&#116;b&#x61;&#108;l&#x2e;&#100;e<\/p>\n<p>F\u00fcr Fragen steht dir gerne Frau Sabine Sch\u00f6tz-Hasse unter E-Mail: &#x6f;&#102;f&#x69;&#x63;&#101;&#64;&#x73;&#x6b;&#105;z&#x75;&#x6e;&#102;t&#x2d;&#x62;&#97;s&#x6b;&#101;&#116;b&#x61;&#108;l&#x2e;&#x64;&#101; und unter folgender Telefonnummer zur Verf\u00fcgung Tel.: 07154 5887<\/p>\n<p>Weitere Infos \u00fcber uns findest du unter www.skizunft-basketball.de oder unter www.bwsj.de oder genauer https:\/\/www.lsvbw.de\/sportwelten\/sportjugend\/freiwilliges_soziales_jahr\/<\/p>\n","protected":false},"excerpt":{"rendered":"<p>Wir suchen eine:n Freiwilligendienstleistende:n im Sport Schwerpunkt:Basketball Wir, die SZ GIANTS Kornwestheim (Skizunft Kornwestheim e. V., Abt. Basketball) sind eine anerkannte Einsatzstelle f\u00fcr Freiwilligendienste im Sport, und bieten dir die &#8230;<\/p>\n","protected":false},"author":1,"featured_media":0,"parent":0,"menu_order":0,"comment_status":"closed","ping_status":"closed","template":"","meta":{"footnotes":""},"class_list":["post-8999","page","type-page","status-publish","hentry"],"_links":{"self":[{"href":"https:\/\/www.skizunft-basketball.de\/index.php\/wp-json\/wp\/v2\/pages\/8999","targetHints":{"allow":["GET"]}}],"collection":[{"href":"https:\/\/www.skizunft-basketball.de\/index.php\/wp-json\/wp\/v2\/pages"}],"about":[{"href":"https:\/\/www.skizunft-basketball.de\/index.php\/wp-json\/wp\/v2\/types\/page"}],"author":[{"embeddable":true,"href":"https:\/\/www.skizunft-basketball.de\/index.php\/wp-json\/wp\/v2\/users\/1"}],"replies":[{"embeddable":true,"href":"https:\/\/www.skizunft-basketball.de\/index.php\/wp-json\/wp\/v2\/comments?post=8999"}],"version-history":[{"count":5,"href":"https:\/\/www.skizunft-basketball.de\/index.php\/wp-json\/wp\/v2\/pages\/8999\/revisions"}],"predecessor-version":[{"id":10019,"href":"https:\/\/www.skizunft-basketball.de\/index.php\/wp-json\/wp\/v2\/pages\/8999\/revisions\/10019"}],"wp:attachment":[{"href":"https:\/\/www.skizunft-basketball.de\/index.php\/wp-json\/wp\/v2\/media?parent=8999"}],"curies":[{"name":"wp","href":"https:\/\/api.w.org\/{rel}","templated":true}]}}